{"id":1370,"date":"2024-02-22T11:04:55","date_gmt":"2024-02-22T11:04:55","guid":{"rendered":"https:\/\/www.hereselfstorage.com\/politica-de-privacidad\/"},"modified":"2026-03-06T11:37:26","modified_gmt":"2026-03-06T11:37:26","slug":"politica-de-privacidad","status":"publish","type":"page","link":"https:\/\/www.hereselfstorage.com\/es\/politica-de-privacidad\/","title":{"rendered":"Pol\u00edtica de privacidad"},"content":{"rendered":"&#13;\n<h4 class=\"wp-block-heading\">Qui\u00e9nes somos<\/h4>&#13;\n&#13;\n<p>La direcci\u00f3n de nuestro sitio web es: https:\/\/www.hereselfstorage.com<\/p>&#13;\n&#13;\n<h4 class=\"wp-block-heading\">Comentarios<\/h4>&#13;\n&#13;\n<p>Cuando los visitantes dejan comentarios en el sitio, recopilamos los datos mostrados en el formulario de comentarios, as\u00ed como la direcci\u00f3n IP del visitante y la cadena del agente de usuario del navegador para ayudar a la detecci\u00f3n de spam.<\/p>&#13;\n&#13;\n<p>Es posible que se proporcione una cadena anonimizada creada a partir de su direcci\u00f3n de correo electr\u00f3nico (tambi\u00e9n llamada hash) al servicio Gravatar para ver si lo est\u00e1 utilizando. La pol\u00edtica de privacidad del servicio Gravatar est\u00e1 disponible aqu\u00ed: https:\/\/automattic.com\/privacy\/. Tras la aprobaci\u00f3n de su comentario, la imagen de su perfil ser\u00e1 visible para el p\u00fablico en el contexto de su comentario. <\/p>&#13;\n&#13;\n<h4 class=\"wp-block-heading\">Medios<\/h4>&#13;\n&#13;\n<p>Si sube im\u00e1genes al sitio web, debe evitar subir im\u00e1genes que incluyan datos de ubicaci\u00f3n integrados (GPS EXIF). Los visitantes del sitio web pueden descargar y extraer cualquier dato de ubicaci\u00f3n de las im\u00e1genes del sitio web. <\/p>&#13;\n&#13;\n<h4 class=\"wp-block-heading\">Cookies<\/h4>&#13;\n&#13;\n<p>Si deja un comentario en nuestro sitio, puede optar por guardar su nombre, direcci\u00f3n de correo electr\u00f3nico y sitio web en cookies. Esto es para su comodidad, de modo que no tenga que volver a rellenar sus datos cuando deje otro comentario. Estas cookies tendr\u00e1n una duraci\u00f3n de un a\u00f1o.  <\/p>&#13;\n&#13;\n<p>Si visita nuestra p\u00e1gina de inicio de sesi\u00f3n, instalaremos una cookie temporal para determinar si su navegador acepta cookies. Esta cookie no contiene datos personales y se elimina al cerrar el navegador. <\/p>&#13;\n&#13;\n<p>Al iniciar sesi\u00f3n, tambi\u00e9n instalaremos varias cookies para guardar su informaci\u00f3n de inicio de sesi\u00f3n y sus opciones de visualizaci\u00f3n de pantalla. Las cookies de inicio de sesi\u00f3n duran dos d\u00edas y las de opciones de pantalla, un a\u00f1o. Si selecciona \u201cRecordarme\u201d, su inicio de sesi\u00f3n persistir\u00e1 durante dos semanas. Si cierra sesi\u00f3n en su cuenta, las cookies de inicio de sesi\u00f3n se eliminar\u00e1n.   <\/p>&#13;\n&#13;\n<p>Si edita o publica un art\u00edculo, se guardar\u00e1 una cookie adicional en su navegador. Esta cookie no incluye datos personales y simplemente indica el ID de la entrada del art\u00edculo que acaba de editar. Caduca despu\u00e9s de 1 d\u00eda.  <\/p>&#13;\n&#13;\n<h4 class=\"wp-block-heading\">Contenido incrustado de otros sitios web<\/h4>&#13;\n&#13;\n<p>Los art\u00edculos de este sitio pueden incluir contenido incrustado (por ejemplo, v\u00eddeos, im\u00e1genes, art\u00edculos, etc.). El contenido incrustado de otros sitios web se comporta exactamente de la misma manera que si el visitante hubiera visitado el otro sitio web. <\/p>&#13;\n&#13;\n<p>Estos sitios web pueden recopilar datos sobre usted, utilizar cookies, incrustar seguimiento adicional de terceros y supervisar su interacci\u00f3n con ese contenido incrustado, incluido el seguimiento de su interacci\u00f3n con el contenido incrustado si tiene una cuenta y ha iniciado sesi\u00f3n en ese sitio web.<\/p>&#13;\n&#13;\n<h4 class=\"wp-block-heading\">Con qui\u00e9n compartimos sus datos<\/h4>&#13;\n&#13;\n<p>Si solicita un restablecimiento de contrase\u00f1a, su direcci\u00f3n IP se incluir\u00e1 en el correo electr\u00f3nico de restablecimiento.<\/p>&#13;\n&#13;\n<h4 class=\"wp-block-heading\">Cu\u00e1nto tiempo conservamos sus datos<\/h4>&#13;\n&#13;\n<p>Si deja un comentario, el comentario y sus metadatos se conservan indefinidamente. Esto es para que podamos reconocer y aprobar cualquier comentario de seguimiento autom\u00e1ticamente en lugar de mantenerlos en una cola de moderaci\u00f3n. <\/p>&#13;\n&#13;\n<p>Para los usuarios que se registran en nuestro sitio web (si los hay), tambi\u00e9n almacenamos la informaci\u00f3n personal que proporcionan en su perfil de usuario. Todos los usuarios pueden ver, editar o eliminar su informaci\u00f3n personal en cualquier momento (excepto que no pueden cambiar su nombre de usuario). Los administradores del sitio web tambi\u00e9n pueden ver y editar esa informaci\u00f3n.  <\/p>&#13;\n&#13;\n<h4 class=\"wp-block-heading\">Qu\u00e9 derechos tiene sobre sus datos<\/h4>&#13;\n&#13;\n<p>Si tiene una cuenta en este sitio o ha dejado comentarios, puede solicitar recibir un archivo de exportaci\u00f3n de los datos personales que tenemos sobre usted, incluyendo cualquier dato que nos haya proporcionado. Tambi\u00e9n puede solicitar que eliminemos cualquier dato personal que tengamos sobre usted. Esto no incluye ning\u00fan dato que estemos obligados a conservar con fines administrativos, legales o de seguridad.  <\/p>&#13;\n&#13;\n<h4 class=\"wp-block-heading\">D\u00f3nde se env\u00edan sus datos<\/h4>&#13;\n&#13;\n<p>Los comentarios de los visitantes pueden ser verificados a trav\u00e9s de un servicio automatizado de detecci\u00f3n de spam.<\/p>&#13;\n","protected":false},"excerpt":{"rendered":"<p>&#13; Qui\u00e9nes somos &#13; &#13; La direcci\u00f3n de nuestro sitio web es: https:\/\/www.hereselfstorage.com &#13; &#13; Comentarios &#13; &#13; Cuando los visitantes dejan comentarios en el sitio, recopilamos los datos mostrados en el formulario de comentarios, as\u00ed como la direcci\u00f3n IP del visitante y la cadena del agente de usuario del navegador para ayudar a la [&hellip;]<\/p>\n","protected":false},"author":1,"featured_media":0,"parent":0,"menu_order":0,"comment_status":"closed","ping_status":"closed","template":"","meta":{"_acf_changed":false,"inline_featured_image":false,"footnotes":""},"class_list":["post-1370","page","type-page","status-publish","hentry"],"acf":[],"yoast_head":"<!-- This site is optimized with the Yoast SEO plugin v27.3 - https:\/\/yoast.com\/product\/yoast-seo-wordpress\/ -->\n<title>Pol\u00edtica de privacidad - Here Self Storage<\/title>\n<meta name=\"robots\" content=\"index, follow, max-snippet:-1, max-image-preview:large, max-video-preview:-1\" \/>\n<link rel=\"canonical\" href=\"https:\/\/www.hereselfstorage.com\/es\/politica-de-privacidad\/\" \/>\n<meta property=\"og:locale\" content=\"es_ES\" \/>\n<meta property=\"og:type\" content=\"article\" \/>\n<meta property=\"og:title\" content=\"Pol\u00edtica de privacidad - Here Self Storage\" \/>\n<meta property=\"og:description\" content=\"&#013; Qui\u00e9nes somos &#013; &#013; La direcci\u00f3n de nuestro sitio web es: https:\/\/www.hereselfstorage.com &#013; &#013; Comentarios &#013; &#013; Cuando los visitantes dejan comentarios en el sitio, recopilamos los datos mostrados en el formulario de comentarios, as\u00ed como la direcci\u00f3n IP del visitante y la cadena del agente de usuario del navegador para ayudar a la [&hellip;]\" \/>\n<meta property=\"og:url\" content=\"https:\/\/www.hereselfstorage.com\/es\/politica-de-privacidad\/\" \/>\n<meta property=\"og:site_name\" content=\"Here Self Storage\" \/>\n<meta property=\"article:publisher\" content=\"https:\/\/www.facebook.com\/people\/Here-Self-Storage\/61558011848446\/\" \/>\n<meta property=\"article:modified_time\" content=\"2026-03-06T11:37:26+00:00\" \/>\n<meta name=\"twitter:card\" content=\"summary_large_image\" \/>\n<meta name=\"twitter:label1\" content=\"Tiempo de lectura\" \/>\n\t<meta name=\"twitter:data1\" content=\"4 minutos\" \/>\n<script type=\"application\/ld+json\" class=\"yoast-schema-graph\">{\"@context\":\"https:\\\/\\\/schema.org\",\"@graph\":[{\"@type\":\"WebPage\",\"@id\":\"https:\\\/\\\/www.hereselfstorage.com\\\/es\\\/politica-de-privacidad\\\/\",\"url\":\"https:\\\/\\\/www.hereselfstorage.com\\\/es\\\/politica-de-privacidad\\\/\",\"name\":\"Pol\u00edtica de privacidad - Here Self Storage\",\"isPartOf\":{\"@id\":\"https:\\\/\\\/www.hereselfstorage.com\\\/es\\\/#website\"},\"datePublished\":\"2024-02-22T11:04:55+00:00\",\"dateModified\":\"2026-03-06T11:37:26+00:00\",\"breadcrumb\":{\"@id\":\"https:\\\/\\\/www.hereselfstorage.com\\\/es\\\/politica-de-privacidad\\\/#breadcrumb\"},\"inLanguage\":\"es\",\"potentialAction\":[{\"@type\":\"ReadAction\",\"target\":[\"https:\\\/\\\/www.hereselfstorage.com\\\/es\\\/politica-de-privacidad\\\/\"]}]},{\"@type\":\"BreadcrumbList\",\"@id\":\"https:\\\/\\\/www.hereselfstorage.com\\\/es\\\/politica-de-privacidad\\\/#breadcrumb\",\"itemListElement\":[{\"@type\":\"ListItem\",\"position\":1,\"name\":\"Inicio\",\"item\":\"https:\\\/\\\/www.hereselfstorage.com\\\/es\\\/inicio\\\/\"},{\"@type\":\"ListItem\",\"position\":2,\"name\":\"Pol\u00edtica de privacidad\"}]},{\"@type\":\"WebSite\",\"@id\":\"https:\\\/\\\/www.hereselfstorage.com\\\/es\\\/#website\",\"url\":\"https:\\\/\\\/www.hereselfstorage.com\\\/es\\\/\",\"name\":\"Here Self Storage\",\"description\":\"Simple Easy Local Self Storage\",\"publisher\":{\"@id\":\"https:\\\/\\\/www.hereselfstorage.com\\\/es\\\/#organization\"},\"potentialAction\":[{\"@type\":\"SearchAction\",\"target\":{\"@type\":\"EntryPoint\",\"urlTemplate\":\"https:\\\/\\\/www.hereselfstorage.com\\\/es\\\/?s={search_term_string}\"},\"query-input\":{\"@type\":\"PropertyValueSpecification\",\"valueRequired\":true,\"valueName\":\"search_term_string\"}}],\"inLanguage\":\"es\"},{\"@type\":\"Organization\",\"@id\":\"https:\\\/\\\/www.hereselfstorage.com\\\/es\\\/#organization\",\"name\":\"Here Self Storage\",\"url\":\"https:\\\/\\\/www.hereselfstorage.com\\\/es\\\/\",\"logo\":{\"@type\":\"ImageObject\",\"inLanguage\":\"es\",\"@id\":\"https:\\\/\\\/www.hereselfstorage.com\\\/es\\\/#\\\/schema\\\/logo\\\/image\\\/\",\"url\":\"https:\\\/\\\/www.hereselfstorage.com\\\/wp-content\\\/uploads\\\/2024\\\/03\\\/cropped-herestorage-wp-favicon.png\",\"contentUrl\":\"https:\\\/\\\/www.hereselfstorage.com\\\/wp-content\\\/uploads\\\/2024\\\/03\\\/cropped-herestorage-wp-favicon.png\",\"width\":512,\"height\":512,\"caption\":\"Here Self Storage\"},\"image\":{\"@id\":\"https:\\\/\\\/www.hereselfstorage.com\\\/es\\\/#\\\/schema\\\/logo\\\/image\\\/\"},\"sameAs\":[\"https:\\\/\\\/www.facebook.com\\\/people\\\/Here-Self-Storage\\\/61558011848446\\\/\",\"https:\\\/\\\/www.instagram.com\\\/hereselfstorage\\\/\",\"https:\\\/\\\/www.linkedin.com\\\/company\\\/here-self-storage\\\/\"]}]}<\/script>\n<!-- \/ Yoast SEO plugin. -->","yoast_head_json":{"title":"Pol\u00edtica de privacidad - Here Self Storage","robots":{"index":"index","follow":"follow","max-snippet":"max-snippet:-1","max-image-preview":"max-image-preview:large","max-video-preview":"max-video-preview:-1"},"canonical":"https:\/\/www.hereselfstorage.com\/es\/politica-de-privacidad\/","og_locale":"es_ES","og_type":"article","og_title":"Pol\u00edtica de privacidad - Here Self Storage","og_description":"&#13; Qui\u00e9nes somos &#13; &#13; La direcci\u00f3n de nuestro sitio web es: https:\/\/www.hereselfstorage.com &#13; &#13; Comentarios &#13; &#13; Cuando los visitantes dejan comentarios en el sitio, recopilamos los datos mostrados en el formulario de comentarios, as\u00ed como la direcci\u00f3n IP del visitante y la cadena del agente de usuario del navegador para ayudar a la [&hellip;]","og_url":"https:\/\/www.hereselfstorage.com\/es\/politica-de-privacidad\/","og_site_name":"Here Self Storage","article_publisher":"https:\/\/www.facebook.com\/people\/Here-Self-Storage\/61558011848446\/","article_modified_time":"2026-03-06T11:37:26+00:00","twitter_card":"summary_large_image","twitter_misc":{"Tiempo de lectura":"4 minutos"},"schema":{"@context":"https:\/\/schema.org","@graph":[{"@type":"WebPage","@id":"https:\/\/www.hereselfstorage.com\/es\/politica-de-privacidad\/","url":"https:\/\/www.hereselfstorage.com\/es\/politica-de-privacidad\/","name":"Pol\u00edtica de privacidad - Here Self Storage","isPartOf":{"@id":"https:\/\/www.hereselfstorage.com\/es\/#website"},"datePublished":"2024-02-22T11:04:55+00:00","dateModified":"2026-03-06T11:37:26+00:00","breadcrumb":{"@id":"https:\/\/www.hereselfstorage.com\/es\/politica-de-privacidad\/#breadcrumb"},"inLanguage":"es","potentialAction":[{"@type":"ReadAction","target":["https:\/\/www.hereselfstorage.com\/es\/politica-de-privacidad\/"]}]},{"@type":"BreadcrumbList","@id":"https:\/\/www.hereselfstorage.com\/es\/politica-de-privacidad\/#breadcrumb","itemListElement":[{"@type":"ListItem","position":1,"name":"Inicio","item":"https:\/\/www.hereselfstorage.com\/es\/inicio\/"},{"@type":"ListItem","position":2,"name":"Pol\u00edtica de privacidad"}]},{"@type":"WebSite","@id":"https:\/\/www.hereselfstorage.com\/es\/#website","url":"https:\/\/www.hereselfstorage.com\/es\/","name":"Here Self Storage","description":"Simple Easy Local Self Storage","publisher":{"@id":"https:\/\/www.hereselfstorage.com\/es\/#organization"},"potentialAction":[{"@type":"SearchAction","target":{"@type":"EntryPoint","urlTemplate":"https:\/\/www.hereselfstorage.com\/es\/?s={search_term_string}"},"query-input":{"@type":"PropertyValueSpecification","valueRequired":true,"valueName":"search_term_string"}}],"inLanguage":"es"},{"@type":"Organization","@id":"https:\/\/www.hereselfstorage.com\/es\/#organization","name":"Here Self Storage","url":"https:\/\/www.hereselfstorage.com\/es\/","logo":{"@type":"ImageObject","inLanguage":"es","@id":"https:\/\/www.hereselfstorage.com\/es\/#\/schema\/logo\/image\/","url":"https:\/\/www.hereselfstorage.com\/wp-content\/uploads\/2024\/03\/cropped-herestorage-wp-favicon.png","contentUrl":"https:\/\/www.hereselfstorage.com\/wp-content\/uploads\/2024\/03\/cropped-herestorage-wp-favicon.png","width":512,"height":512,"caption":"Here Self Storage"},"image":{"@id":"https:\/\/www.hereselfstorage.com\/es\/#\/schema\/logo\/image\/"},"sameAs":["https:\/\/www.facebook.com\/people\/Here-Self-Storage\/61558011848446\/","https:\/\/www.instagram.com\/hereselfstorage\/","https:\/\/www.linkedin.com\/company\/here-self-storage\/"]}]}},"_links":{"self":[{"href":"https:\/\/www.hereselfstorage.com\/es\/wp-json\/wp\/v2\/pages\/1370","targetHints":{"allow":["GET"]}}],"collection":[{"href":"https:\/\/www.hereselfstorage.com\/es\/wp-json\/wp\/v2\/pages"}],"about":[{"href":"https:\/\/www.hereselfstorage.com\/es\/wp-json\/wp\/v2\/types\/page"}],"author":[{"embeddable":true,"href":"https:\/\/www.hereselfstorage.com\/es\/wp-json\/wp\/v2\/users\/1"}],"replies":[{"embeddable":true,"href":"https:\/\/www.hereselfstorage.com\/es\/wp-json\/wp\/v2\/comments?post=1370"}],"version-history":[{"count":0,"href":"https:\/\/www.hereselfstorage.com\/es\/wp-json\/wp\/v2\/pages\/1370\/revisions"}],"wp:attachment":[{"href":"https:\/\/www.hereselfstorage.com\/es\/wp-json\/wp\/v2\/media?parent=1370"}],"curies":[{"name":"wp","href":"https:\/\/api.w.org\/{rel}","templated":true}]}}