{"id":1367,"date":"2024-06-16T10:50:01","date_gmt":"2024-06-16T09:50:01","guid":{"rendered":"https:\/\/www.hereselfstorage.com\/consejos-de-embalaje\/"},"modified":"2026-03-06T11:38:05","modified_gmt":"2026-03-06T11:38:05","slug":"consejos-de-embalaje","status":"publish","type":"page","link":"https:\/\/www.hereselfstorage.com\/es\/consejos-de-embalaje\/","title":{"rendered":"Consejos de Embalaje"},"content":{"rendered":"","protected":false},"excerpt":{"rendered":"","protected":false},"author":3,"featured_media":0,"parent":0,"menu_order":0,"comment_status":"closed","ping_status":"closed","template":"","meta":{"_acf_changed":false,"inline_featured_image":false,"footnotes":""},"class_list":["post-1367","page","type-page","status-publish","hentry"],"acf":[],"yoast_head":"<!-- This site is optimized with the Yoast SEO plugin v27.3 - https:\/\/yoast.com\/product\/yoast-seo-wordpress\/ -->\n<title>Consejos de Embalaje - Here Self Storage<\/title>\n<meta name=\"description\" content=\"\u00bfEst\u00e1 reduciendo el tama\u00f1o o despejando? Nuestros consejos de embalaje para almacenamiento le ayudar\u00e1n a proteger sus pertenencias, maximizar su espacio y acceder a sus art\u00edculos con facilidad.\" \/>\n<meta name=\"robots\" content=\"index, follow, max-snippet:-1, max-image-preview:large, max-video-preview:-1\" \/>\n<link rel=\"canonical\" href=\"https:\/\/www.hereselfstorage.com\/es\/consejos-de-embalaje\/\" \/>\n<meta property=\"og:locale\" content=\"es_ES\" \/>\n<meta property=\"og:type\" content=\"article\" \/>\n<meta property=\"og:title\" content=\"Consejos de Embalaje - Here Self Storage\" \/>\n<meta property=\"og:description\" content=\"\u00bfEst\u00e1 reduciendo el tama\u00f1o o despejando? Nuestros consejos de embalaje para almacenamiento le ayudar\u00e1n a proteger sus pertenencias, maximizar su espacio y acceder a sus art\u00edculos con facilidad.\" \/>\n<meta property=\"og:url\" content=\"https:\/\/www.hereselfstorage.com\/es\/consejos-de-embalaje\/\" \/>\n<meta property=\"og:site_name\" content=\"Here Self Storage\" \/>\n<meta property=\"article:publisher\" content=\"https:\/\/www.facebook.com\/people\/Here-Self-Storage\/61558011848446\/\" \/>\n<meta property=\"article:modified_time\" content=\"2026-03-06T11:38:05+00:00\" \/>\n<meta name=\"twitter:card\" content=\"summary_large_image\" \/>\n<script type=\"application\/ld+json\" class=\"yoast-schema-graph\">{\"@context\":\"https:\\\/\\\/schema.org\",\"@graph\":[{\"@type\":\"WebPage\",\"@id\":\"https:\\\/\\\/www.hereselfstorage.com\\\/es\\\/consejos-de-embalaje\\\/\",\"url\":\"https:\\\/\\\/www.hereselfstorage.com\\\/es\\\/consejos-de-embalaje\\\/\",\"name\":\"Consejos de Embalaje - Here Self Storage\",\"isPartOf\":{\"@id\":\"https:\\\/\\\/www.hereselfstorage.com\\\/es\\\/#website\"},\"datePublished\":\"2024-06-16T09:50:01+00:00\",\"dateModified\":\"2026-03-06T11:38:05+00:00\",\"description\":\"\u00bfEst\u00e1 reduciendo el tama\u00f1o o despejando? Nuestros consejos de embalaje para almacenamiento le ayudar\u00e1n a proteger sus pertenencias, maximizar su espacio y acceder a sus art\u00edculos con facilidad.\",\"breadcrumb\":{\"@id\":\"https:\\\/\\\/www.hereselfstorage.com\\\/es\\\/consejos-de-embalaje\\\/#breadcrumb\"},\"inLanguage\":\"es\",\"potentialAction\":[{\"@type\":\"ReadAction\",\"target\":[\"https:\\\/\\\/www.hereselfstorage.com\\\/es\\\/consejos-de-embalaje\\\/\"]}]},{\"@type\":\"BreadcrumbList\",\"@id\":\"https:\\\/\\\/www.hereselfstorage.com\\\/es\\\/consejos-de-embalaje\\\/#breadcrumb\",\"itemListElement\":[{\"@type\":\"ListItem\",\"position\":1,\"name\":\"Inicio\",\"item\":\"https:\\\/\\\/www.hereselfstorage.com\\\/es\\\/inicio\\\/\"},{\"@type\":\"ListItem\",\"position\":2,\"name\":\"Consejos de Embalaje\"}]},{\"@type\":\"WebSite\",\"@id\":\"https:\\\/\\\/www.hereselfstorage.com\\\/es\\\/#website\",\"url\":\"https:\\\/\\\/www.hereselfstorage.com\\\/es\\\/\",\"name\":\"Here Self Storage\",\"description\":\"Simple Easy Local Self Storage\",\"publisher\":{\"@id\":\"https:\\\/\\\/www.hereselfstorage.com\\\/es\\\/#organization\"},\"potentialAction\":[{\"@type\":\"SearchAction\",\"target\":{\"@type\":\"EntryPoint\",\"urlTemplate\":\"https:\\\/\\\/www.hereselfstorage.com\\\/es\\\/?s={search_term_string}\"},\"query-input\":{\"@type\":\"PropertyValueSpecification\",\"valueRequired\":true,\"valueName\":\"search_term_string\"}}],\"inLanguage\":\"es\"},{\"@type\":\"Organization\",\"@id\":\"https:\\\/\\\/www.hereselfstorage.com\\\/es\\\/#organization\",\"name\":\"Here Self Storage\",\"url\":\"https:\\\/\\\/www.hereselfstorage.com\\\/es\\\/\",\"logo\":{\"@type\":\"ImageObject\",\"inLanguage\":\"es\",\"@id\":\"https:\\\/\\\/www.hereselfstorage.com\\\/es\\\/#\\\/schema\\\/logo\\\/image\\\/\",\"url\":\"https:\\\/\\\/www.hereselfstorage.com\\\/wp-content\\\/uploads\\\/2024\\\/03\\\/cropped-herestorage-wp-favicon.png\",\"contentUrl\":\"https:\\\/\\\/www.hereselfstorage.com\\\/wp-content\\\/uploads\\\/2024\\\/03\\\/cropped-herestorage-wp-favicon.png\",\"width\":512,\"height\":512,\"caption\":\"Here Self Storage\"},\"image\":{\"@id\":\"https:\\\/\\\/www.hereselfstorage.com\\\/es\\\/#\\\/schema\\\/logo\\\/image\\\/\"},\"sameAs\":[\"https:\\\/\\\/www.facebook.com\\\/people\\\/Here-Self-Storage\\\/61558011848446\\\/\",\"https:\\\/\\\/www.instagram.com\\\/hereselfstorage\\\/\",\"https:\\\/\\\/www.linkedin.com\\\/company\\\/here-self-storage\\\/\"]}]}<\/script>\n<!-- \/ Yoast SEO plugin. -->","yoast_head_json":{"title":"Consejos de Embalaje - Here Self Storage","description":"\u00bfEst\u00e1 reduciendo el tama\u00f1o o despejando? Nuestros consejos de embalaje para almacenamiento le ayudar\u00e1n a proteger sus pertenencias, maximizar su espacio y acceder a sus art\u00edculos con facilidad.","robots":{"index":"index","follow":"follow","max-snippet":"max-snippet:-1","max-image-preview":"max-image-preview:large","max-video-preview":"max-video-preview:-1"},"canonical":"https:\/\/www.hereselfstorage.com\/es\/consejos-de-embalaje\/","og_locale":"es_ES","og_type":"article","og_title":"Consejos de Embalaje - Here Self Storage","og_description":"\u00bfEst\u00e1 reduciendo el tama\u00f1o o despejando? Nuestros consejos de embalaje para almacenamiento le ayudar\u00e1n a proteger sus pertenencias, maximizar su espacio y acceder a sus art\u00edculos con facilidad.","og_url":"https:\/\/www.hereselfstorage.com\/es\/consejos-de-embalaje\/","og_site_name":"Here Self Storage","article_publisher":"https:\/\/www.facebook.com\/people\/Here-Self-Storage\/61558011848446\/","article_modified_time":"2026-03-06T11:38:05+00:00","twitter_card":"summary_large_image","schema":{"@context":"https:\/\/schema.org","@graph":[{"@type":"WebPage","@id":"https:\/\/www.hereselfstorage.com\/es\/consejos-de-embalaje\/","url":"https:\/\/www.hereselfstorage.com\/es\/consejos-de-embalaje\/","name":"Consejos de Embalaje - Here Self Storage","isPartOf":{"@id":"https:\/\/www.hereselfstorage.com\/es\/#website"},"datePublished":"2024-06-16T09:50:01+00:00","dateModified":"2026-03-06T11:38:05+00:00","description":"\u00bfEst\u00e1 reduciendo el tama\u00f1o o despejando? Nuestros consejos de embalaje para almacenamiento le ayudar\u00e1n a proteger sus pertenencias, maximizar su espacio y acceder a sus art\u00edculos con facilidad.","breadcrumb":{"@id":"https:\/\/www.hereselfstorage.com\/es\/consejos-de-embalaje\/#breadcrumb"},"inLanguage":"es","potentialAction":[{"@type":"ReadAction","target":["https:\/\/www.hereselfstorage.com\/es\/consejos-de-embalaje\/"]}]},{"@type":"BreadcrumbList","@id":"https:\/\/www.hereselfstorage.com\/es\/consejos-de-embalaje\/#breadcrumb","itemListElement":[{"@type":"ListItem","position":1,"name":"Inicio","item":"https:\/\/www.hereselfstorage.com\/es\/inicio\/"},{"@type":"ListItem","position":2,"name":"Consejos de Embalaje"}]},{"@type":"WebSite","@id":"https:\/\/www.hereselfstorage.com\/es\/#website","url":"https:\/\/www.hereselfstorage.com\/es\/","name":"Here Self Storage","description":"Simple Easy Local Self Storage","publisher":{"@id":"https:\/\/www.hereselfstorage.com\/es\/#organization"},"potentialAction":[{"@type":"SearchAction","target":{"@type":"EntryPoint","urlTemplate":"https:\/\/www.hereselfstorage.com\/es\/?s={search_term_string}"},"query-input":{"@type":"PropertyValueSpecification","valueRequired":true,"valueName":"search_term_string"}}],"inLanguage":"es"},{"@type":"Organization","@id":"https:\/\/www.hereselfstorage.com\/es\/#organization","name":"Here Self Storage","url":"https:\/\/www.hereselfstorage.com\/es\/","logo":{"@type":"ImageObject","inLanguage":"es","@id":"https:\/\/www.hereselfstorage.com\/es\/#\/schema\/logo\/image\/","url":"https:\/\/www.hereselfstorage.com\/wp-content\/uploads\/2024\/03\/cropped-herestorage-wp-favicon.png","contentUrl":"https:\/\/www.hereselfstorage.com\/wp-content\/uploads\/2024\/03\/cropped-herestorage-wp-favicon.png","width":512,"height":512,"caption":"Here Self Storage"},"image":{"@id":"https:\/\/www.hereselfstorage.com\/es\/#\/schema\/logo\/image\/"},"sameAs":["https:\/\/www.facebook.com\/people\/Here-Self-Storage\/61558011848446\/","https:\/\/www.instagram.com\/hereselfstorage\/","https:\/\/www.linkedin.com\/company\/here-self-storage\/"]}]}},"_links":{"self":[{"href":"https:\/\/www.hereselfstorage.com\/es\/wp-json\/wp\/v2\/pages\/1367","targetHints":{"allow":["GET"]}}],"collection":[{"href":"https:\/\/www.hereselfstorage.com\/es\/wp-json\/wp\/v2\/pages"}],"about":[{"href":"https:\/\/www.hereselfstorage.com\/es\/wp-json\/wp\/v2\/types\/page"}],"author":[{"embeddable":true,"href":"https:\/\/www.hereselfstorage.com\/es\/wp-json\/wp\/v2\/users\/3"}],"replies":[{"embeddable":true,"href":"https:\/\/www.hereselfstorage.com\/es\/wp-json\/wp\/v2\/comments?post=1367"}],"version-history":[{"count":0,"href":"https:\/\/www.hereselfstorage.com\/es\/wp-json\/wp\/v2\/pages\/1367\/revisions"}],"wp:attachment":[{"href":"https:\/\/www.hereselfstorage.com\/es\/wp-json\/wp\/v2\/media?parent=1367"}],"curies":[{"name":"wp","href":"https:\/\/api.w.org\/{rel}","templated":true}]}}